{"id":903,"date":"2017-11-22T08:43:26","date_gmt":"2017-11-22T08:43:26","guid":{"rendered":"http:\/\/consaniegiannini.it\/san-frediano\/"},"modified":"2025-03-05T17:15:48","modified_gmt":"2025-03-05T16:15:48","slug":"san-frediano","status":"publish","type":"page","link":"https:\/\/consaniegiannini.it\/en\/san-frediano\/","title":{"rendered":"San Frediano"},"content":{"rendered":"\t\t<div data-elementor-type=\"wp-page\" data-elementor-id=\"903\" class=\"elementor elementor-903 elementor-765\" data-elementor-post-type=\"page\">\n\t\t\t\t<div class=\"elementor-element elementor-element-37a3015 e-flex e-con-boxed e-con e-parent\" data-id=\"37a3015\" data-element_type=\"container\" data-e-type=\"container\" data-settings=\"{&quot;background_background&quot;:&quot;classic&quot;}\">\n\t\t\t\t\t<div class=\"e-con-inner\">\n\t\t\t\t<div class=\"elementor-element elementor-element-08badb6 elementor-widget elementor-widget-heading\" data-id=\"08badb6\" data-element_type=\"widget\" data-e-type=\"widget\" data-widget_type=\"heading.default\">\n\t\t\t\t<div class=\"elementor-widget-container\">\n\t\t\t\t\t<h1 class=\"elementor-heading-title elementor-size-default\">San Frediano<\/h1>\t\t\t\t<\/div>\n\t\t\t\t<\/div>\n\t\t\t\t<div class=\"elementor-element elementor-element-c4a5c5f elementor-align-left elementor-widget elementor-widget-breadcrumbs\" data-id=\"c4a5c5f\" data-element_type=\"widget\" data-e-type=\"widget\" data-widget_type=\"breadcrumbs.default\">\n\t\t\t\t<div class=\"elementor-widget-container\">\n\t\t\t\t\t<p id=\"breadcrumbs\"><span><span><a href=\"https:\/\/consaniegiannini.it\/en\/home\/\">Home<\/a><\/span><\/span><\/p>\t\t\t\t<\/div>\n\t\t\t\t<\/div>\n\t\t\t\t\t<\/div>\n\t\t\t\t<\/div>\n\t\t<div class=\"elementor-element elementor-element-74904f3 e-flex e-con-boxed e-con e-parent\" data-id=\"74904f3\" data-element_type=\"container\" data-e-type=\"container\">\n\t\t\t\t\t<div class=\"e-con-inner\">\n\t\t\t\t<div class=\"elementor-element elementor-element-ba0692a elementor-widget elementor-widget-heading\" data-id=\"ba0692a\" data-element_type=\"widget\" data-e-type=\"widget\" data-widget_type=\"heading.default\">\n\t\t\t\t<div class=\"elementor-widget-container\">\n\t\t\t\t\t<h3 class=\"elementor-heading-title elementor-size-default\">Magical Florence<\/h3>\t\t\t\t<\/div>\n\t\t\t\t<\/div>\n\t\t\t\t<div class=\"elementor-element elementor-element-4443811 elementor-widget elementor-widget-heading\" data-id=\"4443811\" data-element_type=\"widget\" data-e-type=\"widget\" data-widget_type=\"heading.default\">\n\t\t\t\t<div class=\"elementor-widget-container\">\n\t\t\t\t\t<h2 class=\"elementor-heading-title elementor-size-default\">Between enchantment and creativity<\/h2>\t\t\t\t<\/div>\n\t\t\t\t<\/div>\n\t\t\t\t<div class=\"elementor-element elementor-element-43ac4fd elementor-widget elementor-widget-heading\" data-id=\"43ac4fd\" data-element_type=\"widget\" data-e-type=\"widget\" data-widget_type=\"heading.default\">\n\t\t\t\t<div class=\"elementor-widget-container\">\n\t\t\t\t\t<h3 class=\"elementor-heading-title elementor-size-default\">The Consani &amp; Giannini leather goods factory was born in San Frediano and is still part of its artisanal and creative heritage today.<\/h3>\t\t\t\t<\/div>\n\t\t\t\t<\/div>\n\t\t\t\t\t<\/div>\n\t\t\t\t<\/div>\n\t\t<div class=\"elementor-element elementor-element-78e574d e-flex e-con-boxed e-con e-parent\" data-id=\"78e574d\" data-element_type=\"container\" data-e-type=\"container\">\n\t\t\t\t\t<div class=\"e-con-inner\">\n\t\t<div class=\"elementor-element elementor-element-1ad14e0 e-con-full e-flex e-con e-child\" data-id=\"1ad14e0\" data-element_type=\"container\" data-e-type=\"container\">\n\t\t\t\t<div class=\"elementor-element elementor-element-fd2fbb8 elementor-widget elementor-widget-text-editor\" data-id=\"fd2fbb8\" data-element_type=\"widget\" data-e-type=\"widget\" data-widget_type=\"text-editor.default\">\n\t\t\t\t<div class=\"elementor-widget-container\">\n\t\t\t\t\t\t\t\t\t<p>San Frediano is the most popular neighborhood of old Florence, where you can still breathe and live the authentic Florentine spirit. San Frediano is still today the Florence of small artisan workshops, restaurants and taverns, of the baker, the butcher, the leather goods maker, the hardware store.<\/p>\n<p>E\u2019 un quartiere residenziale disegnato di piazze, strade strette e angoli magici; un quartiere ricco d\u2019arte come la basilica di Santa Maria del Carmine (Cappella Brancacci decorata da Masaccio), la chiesa di Santo Spirito (firmata dal Brunelleschi, nella sagrestia custodisce il crocifisso fatto in et\u00e0 giovanile da Michelangelo) e quella del Cestello.<\/p>\n<p>La Firenze chiassosa del turismo, dei grandi alberghi e ristoranti stellati \u00e8 appena di l\u00e0 dal ponte, vicina eppure cos\u00ec lontana dall\u2019incanto di San Frediano.<\/p>\n\t\t\t\t\t\t\t\t<\/div>\n\t\t\t\t<\/div>\n\t\t\t\t<\/div>\n\t\t<div class=\"elementor-element elementor-element-0f1b2ad e-con-full e-flex e-con e-child\" data-id=\"0f1b2ad\" data-element_type=\"container\" data-e-type=\"container\">\n\t\t\t\t<div class=\"elementor-element elementor-element-570caea elementor-widget elementor-widget-image\" data-id=\"570caea\" data-element_type=\"widget\" data-e-type=\"widget\" data-widget_type=\"image.default\">\n\t\t\t\t<div class=\"elementor-widget-container\">\n\t\t\t\t\t\t\t\t\t\t\t\t\t\t\t<img fetchpriority=\"high\" decoding=\"async\" width=\"750\" height=\"500\" src=\"https:\/\/consaniegiannini.it\/wp-content\/uploads\/2017\/11\/san_frediano4.jpg\" class=\"attachment-large size-large wp-image-2137\" alt=\"\" srcset=\"https:\/\/consaniegiannini.it\/wp-content\/uploads\/2017\/11\/san_frediano4.jpg 750w, https:\/\/consaniegiannini.it\/wp-content\/uploads\/2017\/11\/san_frediano4-300x200.jpg 300w\" sizes=\"(max-width: 750px) 100vw, 750px\" \/>\t\t\t\t\t\t\t\t\t\t\t\t\t\t\t<\/div>\n\t\t\t\t<\/div>\n\t\t\t\t<\/div>\n\t\t\t\t\t<\/div>\n\t\t\t\t<\/div>\n\t\t<div class=\"elementor-element elementor-element-e9e188a e-flex e-con-boxed e-con e-parent\" data-id=\"e9e188a\" data-element_type=\"container\" data-e-type=\"container\">\n\t\t\t\t\t<div class=\"e-con-inner\">\n\t\t\t\t<div class=\"elementor-element elementor-element-307270c elementor-widget elementor-widget-heading\" data-id=\"307270c\" data-element_type=\"widget\" data-e-type=\"widget\" data-widget_type=\"heading.default\">\n\t\t\t\t<div class=\"elementor-widget-container\">\n\t\t\t\t\t<h2 class=\"elementor-heading-title elementor-size-default\">We are waiting for you in San Frediano for a visit to the neighborhood and our laboratory<\/h2>\t\t\t\t<\/div>\n\t\t\t\t<\/div>\n\t\t\t\t<div class=\"elementor-element elementor-element-9a2afa7 elementor-align-center elementor-widget elementor-widget-button\" data-id=\"9a2afa7\" data-element_type=\"widget\" data-e-type=\"widget\" data-widget_type=\"button.default\">\n\t\t\t\t<div class=\"elementor-widget-container\">\n\t\t\t\t\t\t\t\t\t<div class=\"elementor-button-wrapper\">\n\t\t\t\t\t<a class=\"elementor-button elementor-button-link elementor-size-sm\" href=\"https:\/\/consaniegiannini.it\/en\/contacts\/\">\n\t\t\t\t\t\t<span class=\"elementor-button-content-wrapper\">\n\t\t\t\t\t\t\t\t\t<span class=\"elementor-button-text\">Contact us<\/span>\n\t\t\t\t\t<\/span>\n\t\t\t\t\t<\/a>\n\t\t\t\t<\/div>\n\t\t\t\t\t\t\t\t<\/div>\n\t\t\t\t<\/div>\n\t\t\t\t\t<\/div>\n\t\t\t\t<\/div>\n\t\t\t\t<\/div>\n\t\t","protected":false},"excerpt":{"rendered":"<p>San Frediano Magical Florence Between enchantment and creativity The Consani &amp; Giannini leather goods factory was born in San Frediano and is still part of its artisanal and creative heritage today. San Frediano is the most popular neighborhood of old Florence, where you can still breathe and live the authentic Florentine spirit. San Frediano is [&hellip;]<\/p>\n","protected":false},"author":1,"featured_media":0,"parent":0,"menu_order":0,"comment_status":"closed","ping_status":"closed","template":"","meta":{"_monsterinsights_skip_tracking":false,"_monsterinsights_sitenote_active":false,"_monsterinsights_sitenote_note":"","_monsterinsights_sitenote_category":0,"footnotes":""},"class_list":["post-903","page","type-page","status-publish","hentry"],"_links":{"self":[{"href":"https:\/\/consaniegiannini.it\/en\/wp-json\/wp\/v2\/pages\/903","targetHints":{"allow":["GET"]}}],"collection":[{"href":"https:\/\/consaniegiannini.it\/en\/wp-json\/wp\/v2\/pages"}],"about":[{"href":"https:\/\/consaniegiannini.it\/en\/wp-json\/wp\/v2\/types\/page"}],"author":[{"embeddable":true,"href":"https:\/\/consaniegiannini.it\/en\/wp-json\/wp\/v2\/users\/1"}],"replies":[{"embeddable":true,"href":"https:\/\/consaniegiannini.it\/en\/wp-json\/wp\/v2\/comments?post=903"}],"version-history":[{"count":1,"href":"https:\/\/consaniegiannini.it\/en\/wp-json\/wp\/v2\/pages\/903\/revisions"}],"predecessor-version":[{"id":4669,"href":"https:\/\/consaniegiannini.it\/en\/wp-json\/wp\/v2\/pages\/903\/revisions\/4669"}],"wp:attachment":[{"href":"https:\/\/consaniegiannini.it\/en\/wp-json\/wp\/v2\/media?parent=903"}],"curies":[{"name":"wp","href":"https:\/\/api.w.org\/{rel}","templated":true}]}}